{"id":273,"date":"2025-04-09T03:24:35","date_gmt":"2025-04-09T03:24:35","guid":{"rendered":"https:\/\/resources.culturalheritage.org\/contemporaryartreview\/?page_id=273"},"modified":"2025-04-09T03:27:32","modified_gmt":"2025-04-09T03:27:32","slug":"volume-3-2023","status":"publish","type":"page","link":"https:\/\/resources.culturalheritage.org\/contemporaryartreview\/volume-3-2023\/","title":{"rendered":"Volume 3 (2023)"},"content":{"rendered":"\n<div class=\"wp-block-columns alignwide is-layout-flex wp-container-core-columns-is-layout-9d6595d7 wp-block-columns-is-layout-flex\">\n<div class=\"wp-block-column is-layout-flow wp-block-column-is-layout-flow\" style=\"flex-basis:33.33%\">\n<figure class=\"wp-block-image size-large is-resized\"><img loading=\"lazy\" decoding=\"async\" width=\"791\" height=\"1024\" src=\"http:\/\/resources.culturalheritage.org\/contemporaryartreview\/wp-content\/uploads\/sites\/20\/2025\/04\/CAR_Volume03_CoverPage-791x1024.jpg\" alt=\"\" class=\"wp-image-279\" style=\"width:396px;height:512px\" srcset=\"https:\/\/faic.wpenginepowered.com\/contemporaryartreview\/wp-content\/uploads\/sites\/20\/2025\/04\/CAR_Volume03_CoverPage-791x1024.jpg 791w, https:\/\/faic.wpenginepowered.com\/contemporaryartreview\/wp-content\/uploads\/sites\/20\/2025\/04\/CAR_Volume03_CoverPage-232x300.jpg 232w, https:\/\/faic.wpenginepowered.com\/contemporaryartreview\/wp-content\/uploads\/sites\/20\/2025\/04\/CAR_Volume03_CoverPage-768x994.jpg 768w, https:\/\/faic.wpenginepowered.com\/contemporaryartreview\/wp-content\/uploads\/sites\/20\/2025\/04\/CAR_Volume03_CoverPage-1187x1536.jpg 1187w, https:\/\/faic.wpenginepowered.com\/contemporaryartreview\/wp-content\/uploads\/sites\/20\/2025\/04\/CAR_Volume03_CoverPage-1583x2048.jpg 1583w, https:\/\/faic.wpenginepowered.com\/contemporaryartreview\/wp-content\/uploads\/sites\/20\/2025\/04\/CAR_Volume03_CoverPage-1200x1553.jpg 1200w, https:\/\/faic.wpenginepowered.com\/contemporaryartreview\/wp-content\/uploads\/sites\/20\/2025\/04\/CAR_Volume03_CoverPage-1980x2562.jpg 1980w, https:\/\/faic.wpenginepowered.com\/contemporaryartreview\/wp-content\/uploads\/sites\/20\/2025\/04\/CAR_Volume03_CoverPage-scaled.jpg 1978w\" sizes=\"auto, (max-width: 791px) 100vw, 791px\" \/><\/figure>\n<\/div>\n\n\n\n<div class=\"wp-block-column is-layout-flow wp-block-column-is-layout-flow\" style=\"flex-basis:66.66%\">\n<h4 class=\"wp-block-heading\">Contemporary Art Review, Volume 3 (2023)<\/h4>\n\n\n\n<p>Proceedings of the:<\/p>\n\n\n\n<ul class=\"wp-block-list\">\n<li>Contemporary Art Network Session, AIC 51st Annual Meeting, May 16\u201320, 2023<\/li>\n\n\n\n<li>And other independent submitted articles<\/li>\n<\/ul>\n\n\n\n<p>CAN! would like to thank the team of reviewers, editors, and Spanish translators; we are grateful for their time and expertise: Susan Costello, Dan Finn, Walter Forsberg, Per Knut\u00e5s, Mareike Ope\u00f1a, Katrina Posner, Beatriz Haspo and the team at APOYOnline: Amparo Rueda, David Cohen, Mar\u00eda del Rosario Mollinedo, Mirasol Estrada, M\u00f3nica P\u00e9rez, Ram\u00f3n S\u00e1nchez, Soledad Tancoff, Vera de la Cruz and Irene Delaveris.<\/p>\n\n\n\n<p><strong><a href=\"https:\/\/members.culturalheritage.org\/commerce\/store?productId=commerce-merchandise%23AIC-CONTEMPORARY-ART-REVIEW-VOLUME-3-2023\" data-type=\"page\" data-id=\"11\">Download the complete Volume 3 PDF in our online store (free)<\/a><\/strong><\/p>\n<\/div>\n<\/div>\n\n\n\n<h5 class=\"wp-block-heading alignwide\"><\/h5>\n\n\n\n<div class=\"wp-block-columns alignwide has-white-background-color has-background is-layout-flex wp-container-core-columns-is-layout-9d6595d7 wp-block-columns-is-layout-flex\">\n<div class=\"wp-block-column is-layout-flow wp-block-column-is-layout-flow\" style=\"flex-basis:66.66%\">\n<p class=\"has-normal-font-size\"><strong><a href=\"https:\/\/resources.culturalheritage.org\/contemporaryartreview\/archeology-of-the-timeline-preservation-considerations-for-digital-process-files\/\" data-type=\"page\" data-id=\"11\">Archeology of the Timeline: Preservation Considerations for Digital Process Files<\/a><\/strong><\/p>\n\n\n\n<p class=\"has-normal-font-size\"><strong><em><a href=\"https:\/\/resources.culturalheritage.org\/contemporaryartreview\/archeology-of-the-timeline-preservation-considerations-for-digital-process-files\/\" data-type=\"page\" data-id=\"11\">Arqueolog\u00eda de la l\u00ednea de tiempo: consideraciones de preservaci\u00f3n para archivos de procesos digitales<\/a><\/em><\/strong><\/p>\n<\/div>\n\n\n\n<div class=\"wp-block-column is-layout-flow wp-block-column-is-layout-flow\" style=\"flex-basis:33.33%\">\n<p class=\"has-normal-font-size\">Caroline Carlsmith<\/p>\n<\/div>\n<\/div>\n\n\n\n<div class=\"wp-block-columns alignwide has-white-background-color has-background is-layout-flex wp-container-core-columns-is-layout-9d6595d7 wp-block-columns-is-layout-flex\">\n<div class=\"wp-block-column is-layout-flow wp-block-column-is-layout-flow\" style=\"flex-basis:66.66%\">\n<p class=\"has-normal-font-size\"><strong><a href=\"https:\/\/resources.culturalheritage.org\/contemporaryartreview\/a-history-of-a-painting-working-with-the-artist-to-plan-a-respectful-intervention\/\" data-type=\"page\" data-id=\"11\">A History of a Painting: Working with the Artist to Plan a Respectful Intervention<\/a><\/strong><\/p>\n\n\n\n<p class=\"has-normal-font-size\"><strong><em><a href=\"https:\/\/resources.culturalheritage.org\/contemporaryartreview\/a-history-of-a-painting-working-with-the-artist-to-plan-a-respectful-intervention\/\" data-type=\"page\" data-id=\"11\">Historia de una pintura: trabajar con el artista para planificar una intervenci\u00f3n respetuosa<\/a><\/em><\/strong><\/p>\n<\/div>\n\n\n\n<div class=\"wp-block-column is-layout-flow wp-block-column-is-layout-flow\" style=\"flex-basis:33.33%\">\n<p class=\"has-normal-font-size\">Luciana Murcia<\/p>\n<\/div>\n<\/div>\n\n\n\n<div class=\"wp-block-columns alignwide has-white-background-color has-background is-layout-flex wp-container-core-columns-is-layout-9d6595d7 wp-block-columns-is-layout-flex\">\n<div class=\"wp-block-column is-layout-flow wp-block-column-is-layout-flow\" style=\"flex-basis:66.66%\">\n<p class=\"has-normal-font-size\"><strong><a href=\"https:\/\/resources.culturalheritage.org\/contemporaryartreview\/artist-interviews-and-artist-books-the-impact-of-artist-interviews-on-book-treatments\/\" data-type=\"page\" data-id=\"11\">Artist Interviews and Artist Books: The Impact of Artist Interviews on Book Treatments<\/a><\/strong><\/p>\n\n\n\n<p class=\"has-normal-font-size\"><strong><em><a href=\"https:\/\/resources.culturalheritage.org\/contemporaryartreview\/artist-interviews-and-artist-books-the-impact-of-artist-interviews-on-book-treatments\/\" data-type=\"page\" data-id=\"11\">Entrevistas a los artistas y libros de artistas: el impacto de las entrevistas a los artistas en los tratamientos realizados a los libros<\/a><\/em><\/strong><\/p>\n<\/div>\n\n\n\n<div class=\"wp-block-column is-layout-flow wp-block-column-is-layout-flow\" style=\"flex-basis:33.33%\">\n<p class=\"has-normal-font-size\">Jessica Pace and Lou DiGennaro<\/p>\n<\/div>\n<\/div>\n\n\n\n<div class=\"wp-block-columns alignwide has-white-background-color has-background is-layout-flex wp-container-core-columns-is-layout-9d6595d7 wp-block-columns-is-layout-flex\">\n<div class=\"wp-block-column is-layout-flow wp-block-column-is-layout-flow\" style=\"flex-basis:66.66%\">\n<p class=\"has-normal-font-size\"><strong><a href=\"https:\/\/resources.culturalheritage.org\/contemporaryartreview\/fluid-dynamics-installing-and-maintaining-michael-stevensons-the-fountain-of-prosperity\/\" data-type=\"page\" data-id=\"11\">Fluid Dynamics: Installing and Maintaining Michael Stevenson\u2019s <em>The Fountain of Prosperity<\/em><\/a><\/strong><\/p>\n\n\n\n<p class=\"has-normal-font-size\"><strong><em><a href=\"https:\/\/resources.culturalheritage.org\/contemporaryartreview\/fluid-dynamics-installing-and-maintaining-michael-stevensons-the-fountain-of-prosperity\/\" data-type=\"page\" data-id=\"11\">Din\u00e1mica de fluidos: instalaci\u00f3n y mantenimiento de la escultura <\/a><\/em><a href=\"https:\/\/resources.culturalheritage.org\/contemporaryartreview\/fluid-dynamics-installing-and-maintaining-michael-stevensons-the-fountain-of-prosperity\/\" data-type=\"page\" data-id=\"11\">La fuente de la prosperidad<\/a><em><a href=\"https:\/\/resources.culturalheritage.org\/contemporaryartreview\/\" data-type=\"page\" data-id=\"11\">, de Michael Stevenson<\/a><\/em><\/strong><\/p>\n<\/div>\n\n\n\n<div class=\"wp-block-column is-layout-flow wp-block-column-is-layout-flow\" style=\"flex-basis:33.33%\">\n<p class=\"has-normal-font-size\">Soon Kai Poh, Andy Wolf, and Lynda Zycherman<\/p>\n<\/div>\n<\/div>\n\n\n\n<p><\/p>\n","protected":false},"excerpt":{"rendered":"<p>Contemporary Art Review, Volume 3 (2023) Proceedings of the: CAN! would like to thank the team of reviewers, editors, and Spanish translators; we are grateful for their time and expertise: Susan Costello, Dan Finn, Walter Forsberg, Per Knut\u00e5s, Mareike Ope\u00f1a, Katrina Posner, Beatriz Haspo and the team at APOYOnline: Amparo Rueda, David Cohen, Mar\u00eda del [&hellip;]<\/p>\n","protected":false},"author":349,"featured_media":0,"parent":0,"menu_order":0,"comment_status":"closed","ping_status":"closed","template":"","meta":{"footnotes":""},"class_list":["post-273","page","type-page","status-publish","hentry"],"_links":{"self":[{"href":"https:\/\/resources.culturalheritage.org\/contemporaryartreview\/wp-json\/wp\/v2\/pages\/273","targetHints":{"allow":["GET"]}}],"collection":[{"href":"https:\/\/resources.culturalheritage.org\/contemporaryartreview\/wp-json\/wp\/v2\/pages"}],"about":[{"href":"https:\/\/resources.culturalheritage.org\/contemporaryartreview\/wp-json\/wp\/v2\/types\/page"}],"author":[{"embeddable":true,"href":"https:\/\/resources.culturalheritage.org\/contemporaryartreview\/wp-json\/wp\/v2\/users\/349"}],"replies":[{"embeddable":true,"href":"https:\/\/resources.culturalheritage.org\/contemporaryartreview\/wp-json\/wp\/v2\/comments?post=273"}],"version-history":[{"count":0,"href":"https:\/\/resources.culturalheritage.org\/contemporaryartreview\/wp-json\/wp\/v2\/pages\/273\/revisions"}],"wp:attachment":[{"href":"https:\/\/resources.culturalheritage.org\/contemporaryartreview\/wp-json\/wp\/v2\/media?parent=273"}],"curies":[{"name":"wp","href":"https:\/\/api.w.org\/{rel}","templated":true}]}}